{"id":18,"date":"2023-03-19T14:22:55","date_gmt":"2023-03-19T13:22:55","guid":{"rendered":"https:\/\/www.speleotribec.sk\/?page_id=18"},"modified":"2026-03-25T14:56:37","modified_gmt":"2026-03-25T13:56:37","slug":"podporte-nas","status":"publish","type":"page","link":"https:\/\/www.speleotribec.sk\/?page_id=18","title":{"rendered":"Podporte n\u00e1s\/Sponzori"},"content":{"rendered":"\n<p>Aj v tomto roku (2026) by sme chceli otvori\u0165 nov\u00e9 potenci\u00e1lne lokality. Pl\u00e1nujeme pokra\u010dova\u0165 aj na t\u00fdch, ktor\u00fdm sa u\u017e venujeme dlh\u0161ie a st\u00e1le tam vid\u00edme perspekt\u00edvu. Ako aj minul\u00e9 roky uk\u00e1zali, dar\u00ed sa n\u00e1m odha\u013eova\u0165 v\u017edy nejak\u00e9 \u010fal\u0161ie tajomstv\u00e1 Trib\u010da, \u010di \u0160tiavnick\u00fdch vrchov. S ka\u017ed\u00fdm objavom v\u0161ak prich\u00e1dzaj\u00fa aj nov\u00e9 v\u00fdzvy&#8230;<\/p>\n\n\n\n<p>Podpori\u0165 n\u00e1s m\u00f4\u017eete darovan\u00edm 2% zdane, \u010di materi\u00e1lnym darom, bli\u017e\u0161ie inform\u00e1cie n\u00e1jdete na podstr\u00e1nkach.<\/p>\n\n\n\n<p>Ak m\u00e1te radi Tribe\u010d, \u010di \u0160tiavnick\u00e9 vrchy a chcete sa podiela\u0165 na odha\u013eovan\u00ed ich podzemn\u00fdch tajomstiev radi v\u00e1s uv\u00edtame aj na na\u0161ich akci\u00e1ch. Ka\u017ed\u00fd je v\u00edtan\u00fd!<\/p>\n\n\n\n<p><strong>Na\u0161u \u010dinnos\u0165 podporili<\/strong>: <\/p>\n\n\n\n<p>Denisoft s.r.o.<\/p>\n\n\n\n<p><\/p>\n","protected":false},"excerpt":{"rendered":"<p>Aj v tomto roku (2026) by sme chceli otvori\u0165 nov\u00e9 potenci\u00e1lne lokality. Pl\u00e1nujeme pokra\u010dova\u0165 aj na t\u00fdch, ktor\u00fdm sa u\u017e venujeme dlh\u0161ie a st\u00e1le tam vid\u00edme perspekt\u00edvu. Ako aj minul\u00e9 [&hellip;]<\/p>\n","protected":false},"author":1,"featured_media":0,"parent":0,"menu_order":0,"comment_status":"closed","ping_status":"closed","template":"","meta":{"_mi_skip_tracking":false,"footnotes":""},"class_list":["post-18","page","type-page","status-publish","hentry"],"yoast_head":"<!-- This site is optimized with the Yoast SEO plugin v24.1 - https:\/\/yoast.com\/wordpress\/plugins\/seo\/ -->\n<title>Podporte n\u00e1s\/Sponzori - Speleo Klub Tribe\u010d<\/title>\n<meta name=\"robots\" content=\"index, follow, max-snippet:-1, max-image-preview:large, max-video-preview:-1\" \/>\n<link rel=\"canonical\" href=\"https:\/\/www.speleotribec.sk\/?page_id=18\" \/>\n<meta property=\"og:locale\" content=\"sk_SK\" \/>\n<meta property=\"og:type\" content=\"article\" \/>\n<meta property=\"og:title\" content=\"Podporte n\u00e1s\/Sponzori - Speleo Klub Tribe\u010d\" \/>\n<meta property=\"og:description\" content=\"Aj v tomto roku (2026) by sme chceli otvori\u0165 nov\u00e9 potenci\u00e1lne lokality. Pl\u00e1nujeme pokra\u010dova\u0165 aj na t\u00fdch, ktor\u00fdm sa u\u017e venujeme dlh\u0161ie a st\u00e1le tam vid\u00edme perspekt\u00edvu. Ako aj minul\u00e9 [&hellip;]\" \/>\n<meta property=\"og:url\" content=\"https:\/\/www.speleotribec.sk\/?page_id=18\" \/>\n<meta property=\"og:site_name\" content=\"Speleo Klub Tribe\u010d\" \/>\n<meta property=\"article:modified_time\" content=\"2026-03-25T13:56:37+00:00\" \/>\n<meta name=\"twitter:card\" content=\"summary_large_image\" \/>\n<meta name=\"twitter:label1\" content=\"Predpokladan\u00fd \u010das \u010d\u00edtania\" \/>\n\t<meta name=\"twitter:data1\" content=\"1 min\u00fata\" \/>\n<script type=\"application\/ld+json\" class=\"yoast-schema-graph\">{\"@context\":\"https:\/\/schema.org\",\"@graph\":[{\"@type\":\"WebPage\",\"@id\":\"https:\/\/www.speleotribec.sk\/?page_id=18\",\"url\":\"https:\/\/www.speleotribec.sk\/?page_id=18\",\"name\":\"Podporte n\u00e1s\/Sponzori - Speleo Klub Tribe\u010d\",\"isPartOf\":{\"@id\":\"https:\/\/www.speleotribec.sk\/#website\"},\"datePublished\":\"2023-03-19T13:22:55+00:00\",\"dateModified\":\"2026-03-25T13:56:37+00:00\",\"breadcrumb\":{\"@id\":\"https:\/\/www.speleotribec.sk\/?page_id=18#breadcrumb\"},\"inLanguage\":\"sk-SK\",\"potentialAction\":[{\"@type\":\"ReadAction\",\"target\":[\"https:\/\/www.speleotribec.sk\/?page_id=18\"]}]},{\"@type\":\"BreadcrumbList\",\"@id\":\"https:\/\/www.speleotribec.sk\/?page_id=18#breadcrumb\",\"itemListElement\":[{\"@type\":\"ListItem\",\"position\":1,\"name\":\"Home\",\"item\":\"https:\/\/www.speleotribec.sk\/\"},{\"@type\":\"ListItem\",\"position\":2,\"name\":\"Podporte n\u00e1s\/Sponzori\"}]},{\"@type\":\"WebSite\",\"@id\":\"https:\/\/www.speleotribec.sk\/#website\",\"url\":\"https:\/\/www.speleotribec.sk\/\",\"name\":\"Speleo Klub Tribe\u010d\",\"description\":\"\",\"potentialAction\":[{\"@type\":\"SearchAction\",\"target\":{\"@type\":\"EntryPoint\",\"urlTemplate\":\"https:\/\/www.speleotribec.sk\/?s={search_term_string}\"},\"query-input\":{\"@type\":\"PropertyValueSpecification\",\"valueRequired\":true,\"valueName\":\"search_term_string\"}}],\"inLanguage\":\"sk-SK\"}]}<\/script>\n<!-- \/ Yoast SEO plugin. -->","yoast_head_json":{"title":"Podporte n\u00e1s\/Sponzori - Speleo Klub Tribe\u010d","robots":{"index":"index","follow":"follow","max-snippet":"max-snippet:-1","max-image-preview":"max-image-preview:large","max-video-preview":"max-video-preview:-1"},"canonical":"https:\/\/www.speleotribec.sk\/?page_id=18","og_locale":"sk_SK","og_type":"article","og_title":"Podporte n\u00e1s\/Sponzori - Speleo Klub Tribe\u010d","og_description":"Aj v tomto roku (2026) by sme chceli otvori\u0165 nov\u00e9 potenci\u00e1lne lokality. Pl\u00e1nujeme pokra\u010dova\u0165 aj na t\u00fdch, ktor\u00fdm sa u\u017e venujeme dlh\u0161ie a st\u00e1le tam vid\u00edme perspekt\u00edvu. Ako aj minul\u00e9 [&hellip;]","og_url":"https:\/\/www.speleotribec.sk\/?page_id=18","og_site_name":"Speleo Klub Tribe\u010d","article_modified_time":"2026-03-25T13:56:37+00:00","twitter_card":"summary_large_image","twitter_misc":{"Predpokladan\u00fd \u010das \u010d\u00edtania":"1 min\u00fata"},"schema":{"@context":"https:\/\/schema.org","@graph":[{"@type":"WebPage","@id":"https:\/\/www.speleotribec.sk\/?page_id=18","url":"https:\/\/www.speleotribec.sk\/?page_id=18","name":"Podporte n\u00e1s\/Sponzori - Speleo Klub Tribe\u010d","isPartOf":{"@id":"https:\/\/www.speleotribec.sk\/#website"},"datePublished":"2023-03-19T13:22:55+00:00","dateModified":"2026-03-25T13:56:37+00:00","breadcrumb":{"@id":"https:\/\/www.speleotribec.sk\/?page_id=18#breadcrumb"},"inLanguage":"sk-SK","potentialAction":[{"@type":"ReadAction","target":["https:\/\/www.speleotribec.sk\/?page_id=18"]}]},{"@type":"BreadcrumbList","@id":"https:\/\/www.speleotribec.sk\/?page_id=18#breadcrumb","itemListElement":[{"@type":"ListItem","position":1,"name":"Home","item":"https:\/\/www.speleotribec.sk\/"},{"@type":"ListItem","position":2,"name":"Podporte n\u00e1s\/Sponzori"}]},{"@type":"WebSite","@id":"https:\/\/www.speleotribec.sk\/#website","url":"https:\/\/www.speleotribec.sk\/","name":"Speleo Klub Tribe\u010d","description":"","potentialAction":[{"@type":"SearchAction","target":{"@type":"EntryPoint","urlTemplate":"https:\/\/www.speleotribec.sk\/?s={search_term_string}"},"query-input":{"@type":"PropertyValueSpecification","valueRequired":true,"valueName":"search_term_string"}}],"inLanguage":"sk-SK"}]}},"_links":{"self":[{"href":"https:\/\/www.speleotribec.sk\/index.php?rest_route=\/wp\/v2\/pages\/18"}],"collection":[{"href":"https:\/\/www.speleotribec.sk\/index.php?rest_route=\/wp\/v2\/pages"}],"about":[{"href":"https:\/\/www.speleotribec.sk\/index.php?rest_route=\/wp\/v2\/types\/page"}],"author":[{"embeddable":true,"href":"https:\/\/www.speleotribec.sk\/index.php?rest_route=\/wp\/v2\/users\/1"}],"replies":[{"embeddable":true,"href":"https:\/\/www.speleotribec.sk\/index.php?rest_route=%2Fwp%2Fv2%2Fcomments&post=18"}],"version-history":[{"count":3,"href":"https:\/\/www.speleotribec.sk\/index.php?rest_route=\/wp\/v2\/pages\/18\/revisions"}],"predecessor-version":[{"id":487,"href":"https:\/\/www.speleotribec.sk\/index.php?rest_route=\/wp\/v2\/pages\/18\/revisions\/487"}],"wp:attachment":[{"href":"https:\/\/www.speleotribec.sk\/index.php?rest_route=%2Fwp%2Fv2%2Fmedia&parent=18"}],"curies":[{"name":"wp","href":"https:\/\/api.w.org\/{rel}","templated":true}]}}