{"id":14,"date":"2023-03-19T14:22:55","date_gmt":"2023-03-19T13:22:55","guid":{"rendered":"https:\/\/www.speleotribec.sk\/?page_id=14"},"modified":"2023-03-23T13:30:01","modified_gmt":"2023-03-23T12:30:01","slug":"galeria","status":"publish","type":"page","link":"https:\/\/www.speleotribec.sk\/?page_id=14","title":{"rendered":"Gal\u00e9ria"},"content":{"rendered":"\n<figure class=\"wp-block-video\"><video controls src=\"https:\/\/www.speleotribec.sk\/wp-content\/uploads\/2023\/03\/video-final1-komprim.mp4\"><\/video><figcaption class=\"wp-element-caption\">jaskyniarsky rok<\/figcaption><\/figure>\n\n\n\n<figure class=\"wp-block-embed is-type-video is-provider-youtube wp-block-embed-youtube wp-embed-aspect-16-9 wp-has-aspect-ratio\"><div class=\"wp-block-embed__wrapper\">\n<iframe loading=\"lazy\" title=\"Cesta pod povrch\" width=\"640\" height=\"360\" src=\"https:\/\/www.youtube.com\/embed\/Pwhsw74z-z4?feature=oembed\" frameborder=\"0\" allow=\"accelerometer; autoplay; clipboard-write; encrypted-media; gyroscope; picture-in-picture; web-share\" referrerpolicy=\"strict-origin-when-cross-origin\" allowfullscreen><\/iframe>\n<\/div><\/figure>\n\n\n\n<figure class=\"wp-block-gallery has-nested-images columns-default is-cropped wp-block-gallery-1 is-layout-flex wp-block-gallery-is-layout-flex\">\n<figure class=\"wp-block-image size-large\"><img decoding=\"async\" width=\"1024\" height=\"1024\" data-id=\"110\" src=\"https:\/\/www.speleotribec.sk\/wp-content\/uploads\/2023\/03\/IMG_20220122_125901-1024x1024.jpg\" alt=\"\" class=\"wp-image-110\" srcset=\"https:\/\/www.speleotribec.sk\/wp-content\/uploads\/2023\/03\/IMG_20220122_125901-1024x1024.jpg 1024w, https:\/\/www.speleotribec.sk\/wp-content\/uploads\/2023\/03\/IMG_20220122_125901-300x300.jpg 300w, https:\/\/www.speleotribec.sk\/wp-content\/uploads\/2023\/03\/IMG_20220122_125901-150x150.jpg 150w, https:\/\/www.speleotribec.sk\/wp-content\/uploads\/2023\/03\/IMG_20220122_125901-768x768.jpg 768w, https:\/\/www.speleotribec.sk\/wp-content\/uploads\/2023\/03\/IMG_20220122_125901-1536x1536.jpg 1536w, https:\/\/www.speleotribec.sk\/wp-content\/uploads\/2023\/03\/IMG_20220122_125901-2048x2048.jpg 2048w, https:\/\/www.speleotribec.sk\/wp-content\/uploads\/2023\/03\/IMG_20220122_125901-660x660.jpg 660w\" sizes=\"(max-width: 1024px) 100vw, 1024px\" \/><\/figure>\n\n\n\n<figure class=\"wp-block-image size-large\"><img decoding=\"async\" width=\"1024\" height=\"1024\" data-id=\"108\" src=\"https:\/\/www.speleotribec.sk\/wp-content\/uploads\/2023\/03\/IMG_20220122_145936-1024x1024.jpg\" alt=\"\" class=\"wp-image-108\" srcset=\"https:\/\/www.speleotribec.sk\/wp-content\/uploads\/2023\/03\/IMG_20220122_145936-1024x1024.jpg 1024w, https:\/\/www.speleotribec.sk\/wp-content\/uploads\/2023\/03\/IMG_20220122_145936-300x300.jpg 300w, https:\/\/www.speleotribec.sk\/wp-content\/uploads\/2023\/03\/IMG_20220122_145936-150x150.jpg 150w, https:\/\/www.speleotribec.sk\/wp-content\/uploads\/2023\/03\/IMG_20220122_145936-768x768.jpg 768w, https:\/\/www.speleotribec.sk\/wp-content\/uploads\/2023\/03\/IMG_20220122_145936-1536x1536.jpg 1536w, https:\/\/www.speleotribec.sk\/wp-content\/uploads\/2023\/03\/IMG_20220122_145936-2048x2048.jpg 2048w, https:\/\/www.speleotribec.sk\/wp-content\/uploads\/2023\/03\/IMG_20220122_145936-660x660.jpg 660w\" sizes=\"(max-width: 1024px) 100vw, 1024px\" \/><\/figure>\n\n\n\n<figure class=\"wp-block-image size-large\"><img decoding=\"async\" width=\"1024\" height=\"1024\" data-id=\"109\" src=\"https:\/\/www.speleotribec.sk\/wp-content\/uploads\/2023\/03\/IMG_20220122_150652-1024x1024.jpg\" alt=\"\" class=\"wp-image-109\" srcset=\"https:\/\/www.speleotribec.sk\/wp-content\/uploads\/2023\/03\/IMG_20220122_150652-1024x1024.jpg 1024w, https:\/\/www.speleotribec.sk\/wp-content\/uploads\/2023\/03\/IMG_20220122_150652-300x300.jpg 300w, https:\/\/www.speleotribec.sk\/wp-content\/uploads\/2023\/03\/IMG_20220122_150652-150x150.jpg 150w, https:\/\/www.speleotribec.sk\/wp-content\/uploads\/2023\/03\/IMG_20220122_150652-768x768.jpg 768w, https:\/\/www.speleotribec.sk\/wp-content\/uploads\/2023\/03\/IMG_20220122_150652-1536x1536.jpg 1536w, https:\/\/www.speleotribec.sk\/wp-content\/uploads\/2023\/03\/IMG_20220122_150652-2048x2048.jpg 2048w, https:\/\/www.speleotribec.sk\/wp-content\/uploads\/2023\/03\/IMG_20220122_150652-660x660.jpg 660w\" sizes=\"(max-width: 1024px) 100vw, 1024px\" \/><\/figure>\n\n\n\n<figure class=\"wp-block-image size-large\"><img decoding=\"async\" width=\"1024\" height=\"1024\" data-id=\"107\" src=\"https:\/\/www.speleotribec.sk\/wp-content\/uploads\/2023\/03\/IMG_20220210_220150-1024x1024.jpg\" alt=\"\" class=\"wp-image-107\" srcset=\"https:\/\/www.speleotribec.sk\/wp-content\/uploads\/2023\/03\/IMG_20220210_220150-1024x1024.jpg 1024w, https:\/\/www.speleotribec.sk\/wp-content\/uploads\/2023\/03\/IMG_20220210_220150-300x300.jpg 300w, https:\/\/www.speleotribec.sk\/wp-content\/uploads\/2023\/03\/IMG_20220210_220150-150x150.jpg 150w, https:\/\/www.speleotribec.sk\/wp-content\/uploads\/2023\/03\/IMG_20220210_220150-768x768.jpg 768w, https:\/\/www.speleotribec.sk\/wp-content\/uploads\/2023\/03\/IMG_20220210_220150-1536x1536.jpg 1536w, https:\/\/www.speleotribec.sk\/wp-content\/uploads\/2023\/03\/IMG_20220210_220150-2048x2048.jpg 2048w, https:\/\/www.speleotribec.sk\/wp-content\/uploads\/2023\/03\/IMG_20220210_220150-660x660.jpg 660w\" sizes=\"(max-width: 1024px) 100vw, 1024px\" \/><figcaption class=\"wp-element-caption\">kone\u010dne sme tam!<\/figcaption><\/figure>\n<\/figure>\n\n\n\n<figure class=\"wp-block-image size-full\"><img decoding=\"async\" width=\"370\" height=\"674\" src=\"https:\/\/www.speleotribec.sk\/wp-content\/uploads\/2023\/03\/ziletka2.jpg\" alt=\"\" class=\"wp-image-142\" srcset=\"https:\/\/www.speleotribec.sk\/wp-content\/uploads\/2023\/03\/ziletka2.jpg 370w, https:\/\/www.speleotribec.sk\/wp-content\/uploads\/2023\/03\/ziletka2-165x300.jpg 165w\" sizes=\"(max-width: 370px) 100vw, 370px\" \/><figcaption class=\"wp-element-caption\">v popred\u00ed myotis myotis v pozad\u00ed  zlanil jaskyniar<\/figcaption><\/figure>\n\n\n\n<figure class=\"wp-block-gallery has-nested-images columns-default is-cropped wp-block-gallery-2 is-layout-flex wp-block-gallery-is-layout-flex\">\n<figure class=\"wp-block-image size-large\"><img decoding=\"async\" width=\"925\" height=\"695\" data-id=\"147\" src=\"https:\/\/www.speleotribec.sk\/wp-content\/uploads\/2023\/03\/2.jpg\" alt=\"\" class=\"wp-image-147\" srcset=\"https:\/\/www.speleotribec.sk\/wp-content\/uploads\/2023\/03\/2.jpg 925w, https:\/\/www.speleotribec.sk\/wp-content\/uploads\/2023\/03\/2-300x225.jpg 300w, https:\/\/www.speleotribec.sk\/wp-content\/uploads\/2023\/03\/2-768x577.jpg 768w, https:\/\/www.speleotribec.sk\/wp-content\/uploads\/2023\/03\/2-660x496.jpg 660w\" sizes=\"(max-width: 925px) 100vw, 925px\" \/><figcaption class=\"wp-element-caption\">na\u0161i zn\u00e1mi<\/figcaption><\/figure>\n<\/figure>\n\n\n\n<figure class=\"wp-block-gallery has-nested-images columns-default is-cropped wp-block-gallery-3 is-layout-flex wp-block-gallery-is-layout-flex\">\n<figure class=\"wp-block-image size-large\"><img decoding=\"async\" width=\"735\" height=\"339\" data-id=\"150\" src=\"https:\/\/www.speleotribec.sk\/wp-content\/uploads\/2023\/03\/1.jpg\" alt=\"\" class=\"wp-image-150\" srcset=\"https:\/\/www.speleotribec.sk\/wp-content\/uploads\/2023\/03\/1.jpg 735w, https:\/\/www.speleotribec.sk\/wp-content\/uploads\/2023\/03\/1-300x138.jpg 300w, https:\/\/www.speleotribec.sk\/wp-content\/uploads\/2023\/03\/1-660x304.jpg 660w\" sizes=\"(max-width: 735px) 100vw, 735px\" \/><\/figure>\n\n\n\n<figure class=\"wp-block-image size-large\"><img decoding=\"async\" width=\"925\" height=\"695\" data-id=\"151\" src=\"https:\/\/www.speleotribec.sk\/wp-content\/uploads\/2023\/03\/3.jpg\" alt=\"\" class=\"wp-image-151\" srcset=\"https:\/\/www.speleotribec.sk\/wp-content\/uploads\/2023\/03\/3.jpg 925w, https:\/\/www.speleotribec.sk\/wp-content\/uploads\/2023\/03\/3-300x225.jpg 300w, https:\/\/www.speleotribec.sk\/wp-content\/uploads\/2023\/03\/3-768x577.jpg 768w, https:\/\/www.speleotribec.sk\/wp-content\/uploads\/2023\/03\/3-660x496.jpg 660w\" sizes=\"(max-width: 925px) 100vw, 925px\" \/><\/figure>\n\n\n\n<figure class=\"wp-block-image size-large\"><img decoding=\"async\" width=\"662\" height=\"882\" data-id=\"152\" src=\"https:\/\/www.speleotribec.sk\/wp-content\/uploads\/2023\/03\/4.jpg\" alt=\"\" class=\"wp-image-152\" srcset=\"https:\/\/www.speleotribec.sk\/wp-content\/uploads\/2023\/03\/4.jpg 662w, https:\/\/www.speleotribec.sk\/wp-content\/uploads\/2023\/03\/4-225x300.jpg 225w, https:\/\/www.speleotribec.sk\/wp-content\/uploads\/2023\/03\/4-660x879.jpg 660w\" sizes=\"(max-width: 662px) 100vw, 662px\" \/><\/figure>\n\n\n\n<figure class=\"wp-block-image size-large\"><img decoding=\"async\" width=\"769\" height=\"1024\" data-id=\"154\" src=\"https:\/\/www.speleotribec.sk\/wp-content\/uploads\/2023\/03\/5-769x1024.jpg\" alt=\"\" class=\"wp-image-154\" srcset=\"https:\/\/www.speleotribec.sk\/wp-content\/uploads\/2023\/03\/5-769x1024.jpg 769w, https:\/\/www.speleotribec.sk\/wp-content\/uploads\/2023\/03\/5-225x300.jpg 225w, https:\/\/www.speleotribec.sk\/wp-content\/uploads\/2023\/03\/5-768x1023.jpg 768w, https:\/\/www.speleotribec.sk\/wp-content\/uploads\/2023\/03\/5-660x879.jpg 660w, https:\/\/www.speleotribec.sk\/wp-content\/uploads\/2023\/03\/5.jpg 868w\" sizes=\"(max-width: 769px) 100vw, 769px\" \/><figcaption class=\"wp-element-caption\">pr\u00e1ce vo v\u00fd\u0161ke<\/figcaption><\/figure>\n\n\n\n<figure class=\"wp-block-image size-large\"><img decoding=\"async\" width=\"769\" height=\"1024\" data-id=\"153\" src=\"https:\/\/www.speleotribec.sk\/wp-content\/uploads\/2023\/03\/6-769x1024.jpg\" alt=\"\" class=\"wp-image-153\" srcset=\"https:\/\/www.speleotribec.sk\/wp-content\/uploads\/2023\/03\/6-769x1024.jpg 769w, https:\/\/www.speleotribec.sk\/wp-content\/uploads\/2023\/03\/6-225x300.jpg 225w, https:\/\/www.speleotribec.sk\/wp-content\/uploads\/2023\/03\/6-768x1023.jpg 768w, https:\/\/www.speleotribec.sk\/wp-content\/uploads\/2023\/03\/6-660x879.jpg 660w, https:\/\/www.speleotribec.sk\/wp-content\/uploads\/2023\/03\/6.jpg 868w\" sizes=\"(max-width: 769px) 100vw, 769px\" \/><figcaption class=\"wp-element-caption\">dorast<\/figcaption><\/figure>\n\n\n\n<figure class=\"wp-block-image size-large\"><img decoding=\"async\" width=\"1024\" height=\"769\" data-id=\"155\" src=\"https:\/\/www.speleotribec.sk\/wp-content\/uploads\/2023\/03\/7-1024x769.jpg\" alt=\"\" class=\"wp-image-155\" srcset=\"https:\/\/www.speleotribec.sk\/wp-content\/uploads\/2023\/03\/7-1024x769.jpg 1024w, https:\/\/www.speleotribec.sk\/wp-content\/uploads\/2023\/03\/7-300x225.jpg 300w, https:\/\/www.speleotribec.sk\/wp-content\/uploads\/2023\/03\/7-768x577.jpg 768w, https:\/\/www.speleotribec.sk\/wp-content\/uploads\/2023\/03\/7-660x496.jpg 660w, https:\/\/www.speleotribec.sk\/wp-content\/uploads\/2023\/03\/7.jpg 1156w\" sizes=\"(max-width: 1024px) 100vw, 1024px\" \/><figcaption class=\"wp-element-caption\">br\u010dk\u00e1<\/figcaption><\/figure>\n\n\n\n<figure class=\"wp-block-image size-large\"><img decoding=\"async\" width=\"1024\" height=\"769\" data-id=\"156\" src=\"https:\/\/www.speleotribec.sk\/wp-content\/uploads\/2023\/03\/8-1024x769.jpg\" alt=\"\" class=\"wp-image-156\" srcset=\"https:\/\/www.speleotribec.sk\/wp-content\/uploads\/2023\/03\/8-1024x769.jpg 1024w, https:\/\/www.speleotribec.sk\/wp-content\/uploads\/2023\/03\/8-300x225.jpg 300w, https:\/\/www.speleotribec.sk\/wp-content\/uploads\/2023\/03\/8-768x577.jpg 768w, https:\/\/www.speleotribec.sk\/wp-content\/uploads\/2023\/03\/8-660x496.jpg 660w, https:\/\/www.speleotribec.sk\/wp-content\/uploads\/2023\/03\/8.jpg 1041w\" sizes=\"(max-width: 1024px) 100vw, 1024px\" \/><figcaption class=\"wp-element-caption\">nie\u010do sa n\u00e1m odkrylo<\/figcaption><\/figure>\n\n\n\n<figure class=\"wp-block-image size-large\"><img decoding=\"async\" width=\"769\" height=\"1024\" data-id=\"157\" src=\"https:\/\/www.speleotribec.sk\/wp-content\/uploads\/2023\/03\/9-769x1024.jpg\" alt=\"\" class=\"wp-image-157\" srcset=\"https:\/\/www.speleotribec.sk\/wp-content\/uploads\/2023\/03\/9-769x1024.jpg 769w, https:\/\/www.speleotribec.sk\/wp-content\/uploads\/2023\/03\/9-225x300.jpg 225w, https:\/\/www.speleotribec.sk\/wp-content\/uploads\/2023\/03\/9-768x1023.jpg 768w, https:\/\/www.speleotribec.sk\/wp-content\/uploads\/2023\/03\/9-660x879.jpg 660w, https:\/\/www.speleotribec.sk\/wp-content\/uploads\/2023\/03\/9.jpg 799w\" sizes=\"(max-width: 769px) 100vw, 769px\" \/><\/figure>\n\n\n\n<figure class=\"wp-block-image size-large\"><img decoding=\"async\" width=\"540\" height=\"726\" data-id=\"158\" src=\"https:\/\/www.speleotribec.sk\/wp-content\/uploads\/2023\/03\/10.jpg\" alt=\"\" class=\"wp-image-158\" srcset=\"https:\/\/www.speleotribec.sk\/wp-content\/uploads\/2023\/03\/10.jpg 540w, https:\/\/www.speleotribec.sk\/wp-content\/uploads\/2023\/03\/10-223x300.jpg 223w\" sizes=\"(max-width: 540px) 100vw, 540px\" \/><figcaption class=\"wp-element-caption\">niekedy treba pou\u017ei\u0165 aj lanov\u00fd rebr\u00edk<\/figcaption><\/figure>\n<\/figure>\n\n\n\n<figure class=\"wp-block-gallery has-nested-images columns-default is-cropped wp-block-gallery-4 is-layout-flex wp-block-gallery-is-layout-flex\">\n<figure class=\"wp-block-image size-large\"><img decoding=\"async\" width=\"588\" height=\"784\" data-id=\"165\" src=\"https:\/\/www.speleotribec.sk\/wp-content\/uploads\/2023\/03\/11-1.jpg\" alt=\"\" class=\"wp-image-165\" srcset=\"https:\/\/www.speleotribec.sk\/wp-content\/uploads\/2023\/03\/11-1.jpg 588w, https:\/\/www.speleotribec.sk\/wp-content\/uploads\/2023\/03\/11-1-225x300.jpg 225w\" sizes=\"(max-width: 588px) 100vw, 588px\" \/><figcaption class=\"wp-element-caption\">zauj\u00edma n\u00e1s ka\u017ed\u00e1 \u0161k\u00e1ra<\/figcaption><\/figure>\n\n\n\n<figure class=\"wp-block-image size-large\"><img decoding=\"async\" width=\"452\" height=\"603\" data-id=\"166\" src=\"https:\/\/www.speleotribec.sk\/wp-content\/uploads\/2023\/03\/12-1.jpg\" alt=\"\" class=\"wp-image-166\" srcset=\"https:\/\/www.speleotribec.sk\/wp-content\/uploads\/2023\/03\/12-1.jpg 452w, https:\/\/www.speleotribec.sk\/wp-content\/uploads\/2023\/03\/12-1-225x300.jpg 225w\" sizes=\"(max-width: 452px) 100vw, 452px\" \/><figcaption class=\"wp-element-caption\">zauj\u00edma n\u00e1s ka\u017ed\u00e1 \u0161k\u00e1ra<\/figcaption><\/figure>\n<\/figure>\n\n\n\n<figure class=\"wp-block-image size-full\"><img decoding=\"async\" width=\"560\" height=\"420\" src=\"https:\/\/www.speleotribec.sk\/wp-content\/uploads\/2023\/03\/13-1.jpg\" alt=\"\" class=\"wp-image-167\" srcset=\"https:\/\/www.speleotribec.sk\/wp-content\/uploads\/2023\/03\/13-1.jpg 560w, https:\/\/www.speleotribec.sk\/wp-content\/uploads\/2023\/03\/13-1-300x225.jpg 300w\" sizes=\"(max-width: 560px) 100vw, 560px\" \/><figcaption class=\"wp-element-caption\">s kolegami v Dem\u00e4novskej doline<\/figcaption><\/figure>\n","protected":false},"excerpt":{"rendered":"","protected":false},"author":1,"featured_media":0,"parent":0,"menu_order":0,"comment_status":"closed","ping_status":"closed","template":"","meta":{"_mi_skip_tracking":false,"footnotes":""},"class_list":["post-14","page","type-page","status-publish","hentry"],"yoast_head":"<!-- This site is optimized with the Yoast SEO plugin v24.1 - https:\/\/yoast.com\/wordpress\/plugins\/seo\/ -->\n<title>Gal\u00e9ria - Speleo Klub Tribe\u010d<\/title>\n<meta name=\"robots\" content=\"index, follow, max-snippet:-1, max-image-preview:large, max-video-preview:-1\" \/>\n<link rel=\"canonical\" href=\"https:\/\/www.speleotribec.sk\/?page_id=14\" \/>\n<meta property=\"og:locale\" content=\"sk_SK\" \/>\n<meta property=\"og:type\" content=\"article\" \/>\n<meta property=\"og:title\" content=\"Gal\u00e9ria - Speleo Klub Tribe\u010d\" \/>\n<meta property=\"og:url\" content=\"https:\/\/www.speleotribec.sk\/?page_id=14\" \/>\n<meta property=\"og:site_name\" content=\"Speleo Klub Tribe\u010d\" \/>\n<meta property=\"article:modified_time\" content=\"2023-03-23T12:30:01+00:00\" \/>\n<meta property=\"og:image\" content=\"https:\/\/www.speleotribec.sk\/wp-content\/uploads\/2023\/03\/IMG_20220122_125901-1024x1024.jpg\" \/>\n<meta name=\"twitter:card\" content=\"summary_large_image\" \/>\n<meta name=\"twitter:label1\" content=\"Predpokladan\u00fd \u010das \u010d\u00edtania\" \/>\n\t<meta name=\"twitter:data1\" content=\"4 min\u00faty\" \/>\n<script type=\"application\/ld+json\" class=\"yoast-schema-graph\">{\"@context\":\"https:\/\/schema.org\",\"@graph\":[{\"@type\":\"WebPage\",\"@id\":\"https:\/\/www.speleotribec.sk\/?page_id=14\",\"url\":\"https:\/\/www.speleotribec.sk\/?page_id=14\",\"name\":\"Gal\u00e9ria - Speleo Klub Tribe\u010d\",\"isPartOf\":{\"@id\":\"https:\/\/www.speleotribec.sk\/#website\"},\"primaryImageOfPage\":{\"@id\":\"https:\/\/www.speleotribec.sk\/?page_id=14#primaryimage\"},\"image\":{\"@id\":\"https:\/\/www.speleotribec.sk\/?page_id=14#primaryimage\"},\"thumbnailUrl\":\"https:\/\/www.speleotribec.sk\/wp-content\/uploads\/2023\/03\/IMG_20220122_125901-1024x1024.jpg\",\"datePublished\":\"2023-03-19T13:22:55+00:00\",\"dateModified\":\"2023-03-23T12:30:01+00:00\",\"breadcrumb\":{\"@id\":\"https:\/\/www.speleotribec.sk\/?page_id=14#breadcrumb\"},\"inLanguage\":\"sk-SK\",\"potentialAction\":[{\"@type\":\"ReadAction\",\"target\":[\"https:\/\/www.speleotribec.sk\/?page_id=14\"]}]},{\"@type\":\"ImageObject\",\"inLanguage\":\"sk-SK\",\"@id\":\"https:\/\/www.speleotribec.sk\/?page_id=14#primaryimage\",\"url\":\"https:\/\/www.speleotribec.sk\/wp-content\/uploads\/2023\/03\/IMG_20220122_125901-scaled.jpg\",\"contentUrl\":\"https:\/\/www.speleotribec.sk\/wp-content\/uploads\/2023\/03\/IMG_20220122_125901-scaled.jpg\",\"width\":2560,\"height\":2560},{\"@type\":\"BreadcrumbList\",\"@id\":\"https:\/\/www.speleotribec.sk\/?page_id=14#breadcrumb\",\"itemListElement\":[{\"@type\":\"ListItem\",\"position\":1,\"name\":\"Home\",\"item\":\"https:\/\/www.speleotribec.sk\/\"},{\"@type\":\"ListItem\",\"position\":2,\"name\":\"Gal\u00e9ria\"}]},{\"@type\":\"WebSite\",\"@id\":\"https:\/\/www.speleotribec.sk\/#website\",\"url\":\"https:\/\/www.speleotribec.sk\/\",\"name\":\"Speleo Klub Tribe\u010d\",\"description\":\"\",\"potentialAction\":[{\"@type\":\"SearchAction\",\"target\":{\"@type\":\"EntryPoint\",\"urlTemplate\":\"https:\/\/www.speleotribec.sk\/?s={search_term_string}\"},\"query-input\":{\"@type\":\"PropertyValueSpecification\",\"valueRequired\":true,\"valueName\":\"search_term_string\"}}],\"inLanguage\":\"sk-SK\"}]}<\/script>\n<!-- \/ Yoast SEO plugin. -->","yoast_head_json":{"title":"Gal\u00e9ria - Speleo Klub Tribe\u010d","robots":{"index":"index","follow":"follow","max-snippet":"max-snippet:-1","max-image-preview":"max-image-preview:large","max-video-preview":"max-video-preview:-1"},"canonical":"https:\/\/www.speleotribec.sk\/?page_id=14","og_locale":"sk_SK","og_type":"article","og_title":"Gal\u00e9ria - Speleo Klub Tribe\u010d","og_url":"https:\/\/www.speleotribec.sk\/?page_id=14","og_site_name":"Speleo Klub Tribe\u010d","article_modified_time":"2023-03-23T12:30:01+00:00","og_image":[{"url":"https:\/\/www.speleotribec.sk\/wp-content\/uploads\/2023\/03\/IMG_20220122_125901-1024x1024.jpg","type":"","width":"","height":""}],"twitter_card":"summary_large_image","twitter_misc":{"Predpokladan\u00fd \u010das \u010d\u00edtania":"4 min\u00faty"},"schema":{"@context":"https:\/\/schema.org","@graph":[{"@type":"WebPage","@id":"https:\/\/www.speleotribec.sk\/?page_id=14","url":"https:\/\/www.speleotribec.sk\/?page_id=14","name":"Gal\u00e9ria - Speleo Klub Tribe\u010d","isPartOf":{"@id":"https:\/\/www.speleotribec.sk\/#website"},"primaryImageOfPage":{"@id":"https:\/\/www.speleotribec.sk\/?page_id=14#primaryimage"},"image":{"@id":"https:\/\/www.speleotribec.sk\/?page_id=14#primaryimage"},"thumbnailUrl":"https:\/\/www.speleotribec.sk\/wp-content\/uploads\/2023\/03\/IMG_20220122_125901-1024x1024.jpg","datePublished":"2023-03-19T13:22:55+00:00","dateModified":"2023-03-23T12:30:01+00:00","breadcrumb":{"@id":"https:\/\/www.speleotribec.sk\/?page_id=14#breadcrumb"},"inLanguage":"sk-SK","potentialAction":[{"@type":"ReadAction","target":["https:\/\/www.speleotribec.sk\/?page_id=14"]}]},{"@type":"ImageObject","inLanguage":"sk-SK","@id":"https:\/\/www.speleotribec.sk\/?page_id=14#primaryimage","url":"https:\/\/www.speleotribec.sk\/wp-content\/uploads\/2023\/03\/IMG_20220122_125901-scaled.jpg","contentUrl":"https:\/\/www.speleotribec.sk\/wp-content\/uploads\/2023\/03\/IMG_20220122_125901-scaled.jpg","width":2560,"height":2560},{"@type":"BreadcrumbList","@id":"https:\/\/www.speleotribec.sk\/?page_id=14#breadcrumb","itemListElement":[{"@type":"ListItem","position":1,"name":"Home","item":"https:\/\/www.speleotribec.sk\/"},{"@type":"ListItem","position":2,"name":"Gal\u00e9ria"}]},{"@type":"WebSite","@id":"https:\/\/www.speleotribec.sk\/#website","url":"https:\/\/www.speleotribec.sk\/","name":"Speleo Klub Tribe\u010d","description":"","potentialAction":[{"@type":"SearchAction","target":{"@type":"EntryPoint","urlTemplate":"https:\/\/www.speleotribec.sk\/?s={search_term_string}"},"query-input":{"@type":"PropertyValueSpecification","valueRequired":true,"valueName":"search_term_string"}}],"inLanguage":"sk-SK"}]}},"_links":{"self":[{"href":"https:\/\/www.speleotribec.sk\/index.php?rest_route=\/wp\/v2\/pages\/14"}],"collection":[{"href":"https:\/\/www.speleotribec.sk\/index.php?rest_route=\/wp\/v2\/pages"}],"about":[{"href":"https:\/\/www.speleotribec.sk\/index.php?rest_route=\/wp\/v2\/types\/page"}],"author":[{"embeddable":true,"href":"https:\/\/www.speleotribec.sk\/index.php?rest_route=\/wp\/v2\/users\/1"}],"replies":[{"embeddable":true,"href":"https:\/\/www.speleotribec.sk\/index.php?rest_route=%2Fwp%2Fv2%2Fcomments&post=14"}],"version-history":[{"count":5,"href":"https:\/\/www.speleotribec.sk\/index.php?rest_route=\/wp\/v2\/pages\/14\/revisions"}],"predecessor-version":[{"id":168,"href":"https:\/\/www.speleotribec.sk\/index.php?rest_route=\/wp\/v2\/pages\/14\/revisions\/168"}],"wp:attachment":[{"href":"https:\/\/www.speleotribec.sk\/index.php?rest_route=%2Fwp%2Fv2%2Fmedia&parent=14"}],"curies":[{"name":"wp","href":"https:\/\/api.w.org\/{rel}","templated":true}]}}