{"id":13,"date":"2023-03-19T14:22:55","date_gmt":"2023-03-19T13:22:55","guid":{"rendered":"https:\/\/www.speleotribec.sk\/?page_id=13"},"modified":"2026-02-03T16:10:26","modified_gmt":"2026-02-03T15:10:26","slug":"archiv","status":"publish","type":"page","link":"https:\/\/www.speleotribec.sk\/?page_id=13","title":{"rendered":"Arch\u00edv"},"content":{"rendered":"\n<div class=\"wp-block-file\"><a id=\"wp-block-file--media-78d5c545-5491-407c-a35f-c9bb2e630c2d\" href=\"https:\/\/www.speleotribec.sk\/wp-content\/uploads\/2026\/02\/Sprava_o_cinnosti_za-rok-2025-3.docx\">Spr\u00e1va_o_\u010dinnosti_za rok 2025 &#8211; 3<\/a><a href=\"https:\/\/www.speleotribec.sk\/wp-content\/uploads\/2026\/02\/Sprava_o_cinnosti_za-rok-2025-3.docx\" class=\"wp-block-file__button wp-element-button\" download aria-describedby=\"wp-block-file--media-78d5c545-5491-407c-a35f-c9bb2e630c2d\">Stiahnu\u0165<\/a><\/div>\n\n\n\n<div class=\"wp-block-file\"><a id=\"wp-block-file--media-6553b6a8-99f4-4077-9475-d46432560ff9\" href=\"https:\/\/www.speleotribec.sk\/wp-content\/uploads\/2025\/04\/Sprava_o_cinnosti_za-rok-2024.docx\">Spr\u00e1va_o_\u010dinnosti_za rok 2024<\/a><a href=\"https:\/\/www.speleotribec.sk\/wp-content\/uploads\/2025\/04\/Sprava_o_cinnosti_za-rok-2024.docx\" class=\"wp-block-file__button wp-element-button\" download aria-describedby=\"wp-block-file--media-6553b6a8-99f4-4077-9475-d46432560ff9\">Stiahnu\u0165<\/a><\/div>\n\n\n\n<div class=\"wp-block-file\"><a id=\"wp-block-file--media-360d5491-c1c7-48a3-bdf6-9397e4cdd37a\" href=\"https:\/\/www.speleotribec.sk\/wp-content\/uploads\/2024\/02\/sprava_o_cinnosti-2023.docx\" target=\"_blank\" rel=\"noreferrer noopener\">sprava_o_cinnosti-2023<\/a><\/div>\n\n\n\n<div class=\"wp-block-file\"><a id=\"wp-block-file--media-48c531e2-ba81-43e7-8827-c6bc8aed1c6b\" href=\"https:\/\/www.speleotribec.sk\/wp-content\/uploads\/2023\/03\/Sprava_o_cinnosti-2022.docx\" target=\"_blank\" rel=\"noreferrer noopener\">Sprava_o_cinnosti-2022<\/a><\/div>\n\n\n\n<div class=\"wp-block-file\"><a id=\"wp-block-file--media-d290a493-3ce4-4ce3-89bf-8598db4cd33f\" href=\"https:\/\/www.speleotribec.sk\/wp-content\/uploads\/2023\/03\/sprava_o_cinnosti-2021-1.docx\" target=\"_blank\" rel=\"noreferrer noopener\">Sprava_o_cinnosti-2021<\/a><\/div>\n\n\n\n<div class=\"wp-block-file\"><a id=\"wp-block-file--media-1ec975d5-d5b2-4dce-89bc-8402f3f04ee6\" href=\"https:\/\/www.speleotribec.sk\/wp-content\/uploads\/2023\/03\/x_Sprava-o-cinnosti-2020.odt\" target=\"_blank\" rel=\"noreferrer noopener\">Sprava-o-cinnosti-2020<\/a><\/div>\n\n\n\n<div class=\"wp-block-file\"><a id=\"wp-block-file--media-35efcfb7-8f03-4c4c-b13d-061f968391ac\" href=\"https:\/\/www.speleotribec.sk\/wp-content\/uploads\/2023\/03\/Sprava-o-cinnosti-2019.doc\" target=\"_blank\" rel=\"noreferrer noopener\">Sprava-o-cinnosti-2019<\/a><\/div>\n\n\n\n<div class=\"wp-block-file\"><a id=\"wp-block-file--media-48fe92f8-2533-4913-9e78-cca9840e9fdd\" href=\"https:\/\/www.speleotribec.sk\/wp-content\/uploads\/2023\/03\/Sprava-o-cinnosti-2018.doc\" target=\"_blank\" rel=\"noreferrer noopener\">Sprava-o-cinnosti-2018<\/a><\/div>\n\n\n\n<div class=\"wp-block-file\"><a id=\"wp-block-file--media-bcfafc6c-8d4a-46bd-99a3-c1f1c720baff\" href=\"https:\/\/www.speleotribec.sk\/wp-content\/uploads\/2023\/03\/Sprava-o-cinnosti-2017.doc\" target=\"_blank\" rel=\"noreferrer noopener\">Sprava-o-cinnosti-2017<\/a><\/div>\n\n\n\n<div class=\"wp-block-file\"><a id=\"wp-block-file--media-97e688ed-6eb7-4ac3-86e9-418f518b589e\" href=\"https:\/\/www.speleotribec.sk\/wp-content\/uploads\/2023\/03\/Sprava-o-cinnosti-2016.doc\" target=\"_blank\" rel=\"noreferrer noopener\">Sprava-o-cinnosti-2016<\/a><\/div>\n\n\n\n<div class=\"wp-block-file\"><a id=\"wp-block-file--media-14a6f2d1-d0a9-40e3-8c6b-9238ae7deb38\" href=\"https:\/\/www.speleotribec.sk\/wp-content\/uploads\/2023\/03\/Sprava-o-cinnosti-2015.doc\" target=\"_blank\" rel=\"noreferrer noopener\">Sprava-o-cinnosti-2015<\/a><\/div>\n\n\n\n<div class=\"wp-block-file\"><a id=\"wp-block-file--media-6fbccef5-c8b4-4dfa-87ab-324085852a65\" href=\"https:\/\/www.speleotribec.sk\/wp-content\/uploads\/2023\/03\/Sprava-o-cinnosti-2014.doc\" target=\"_blank\" rel=\"noreferrer noopener\">Sprava-o-cinnosti-2014<\/a><\/div>\n\n\n\n<div class=\"wp-block-file\"><a id=\"wp-block-file--media-0f5b18aa-d07e-48d3-a745-740653017bb9\" href=\"https:\/\/www.speleotribec.sk\/wp-content\/uploads\/2023\/03\/Sprava-o-cinnosti-2013_OS-Tribec.doc\" target=\"_blank\" rel=\"noreferrer noopener\">Sprava-o-cinnosti-2013_OS-Tribec<\/a><\/div>\n","protected":false},"excerpt":{"rendered":"","protected":false},"author":1,"featured_media":0,"parent":0,"menu_order":0,"comment_status":"closed","ping_status":"closed","template":"","meta":{"_mi_skip_tracking":false,"footnotes":""},"class_list":["post-13","page","type-page","status-publish","hentry"],"yoast_head":"<!-- This site is optimized with the Yoast SEO plugin v24.1 - https:\/\/yoast.com\/wordpress\/plugins\/seo\/ -->\n<title>Arch\u00edv - Speleo Klub Tribe\u010d<\/title>\n<meta name=\"description\" content=\"Tribe\u010d, jasky\u0148a, podzemie, speleo, Cibajky, Partiz\u00e1nske, Zlat\u00e9 Moravce, Nitra, Topo\u013e\u010dany %\" \/>\n<meta name=\"robots\" content=\"index, follow, max-snippet:-1, max-image-preview:large, max-video-preview:-1\" \/>\n<link rel=\"canonical\" href=\"https:\/\/www.speleotribec.sk\/?page_id=13\" \/>\n<meta property=\"og:locale\" content=\"sk_SK\" \/>\n<meta property=\"og:type\" content=\"article\" \/>\n<meta property=\"og:title\" content=\"Arch\u00edv - Speleo Klub Tribe\u010d\" \/>\n<meta property=\"og:description\" content=\"Tribe\u010d, jasky\u0148a, podzemie, speleo, Cibajky, Partiz\u00e1nske, Zlat\u00e9 Moravce, Nitra, Topo\u013e\u010dany %\" \/>\n<meta property=\"og:url\" content=\"https:\/\/www.speleotribec.sk\/?page_id=13\" \/>\n<meta property=\"og:site_name\" content=\"Speleo Klub Tribe\u010d\" \/>\n<meta property=\"article:modified_time\" content=\"2026-02-03T15:10:26+00:00\" \/>\n<meta name=\"twitter:card\" content=\"summary_large_image\" \/>\n<meta name=\"twitter:label1\" content=\"Predpokladan\u00fd \u010das \u010d\u00edtania\" \/>\n\t<meta name=\"twitter:data1\" content=\"1 min\u00fata\" \/>\n<script type=\"application\/ld+json\" class=\"yoast-schema-graph\">{\"@context\":\"https:\/\/schema.org\",\"@graph\":[{\"@type\":\"WebPage\",\"@id\":\"https:\/\/www.speleotribec.sk\/?page_id=13\",\"url\":\"https:\/\/www.speleotribec.sk\/?page_id=13\",\"name\":\"Arch\u00edv - Speleo Klub Tribe\u010d\",\"isPartOf\":{\"@id\":\"https:\/\/www.speleotribec.sk\/#website\"},\"datePublished\":\"2023-03-19T13:22:55+00:00\",\"dateModified\":\"2026-02-03T15:10:26+00:00\",\"description\":\"Tribe\u010d, jasky\u0148a, podzemie, speleo, Cibajky, Partiz\u00e1nske, Zlat\u00e9 Moravce, Nitra, Topo\u013e\u010dany %\",\"breadcrumb\":{\"@id\":\"https:\/\/www.speleotribec.sk\/?page_id=13#breadcrumb\"},\"inLanguage\":\"sk-SK\",\"potentialAction\":[{\"@type\":\"ReadAction\",\"target\":[\"https:\/\/www.speleotribec.sk\/?page_id=13\"]}]},{\"@type\":\"BreadcrumbList\",\"@id\":\"https:\/\/www.speleotribec.sk\/?page_id=13#breadcrumb\",\"itemListElement\":[{\"@type\":\"ListItem\",\"position\":1,\"name\":\"Home\",\"item\":\"https:\/\/www.speleotribec.sk\/\"},{\"@type\":\"ListItem\",\"position\":2,\"name\":\"Arch\u00edv\"}]},{\"@type\":\"WebSite\",\"@id\":\"https:\/\/www.speleotribec.sk\/#website\",\"url\":\"https:\/\/www.speleotribec.sk\/\",\"name\":\"Speleo Klub Tribe\u010d\",\"description\":\"\",\"potentialAction\":[{\"@type\":\"SearchAction\",\"target\":{\"@type\":\"EntryPoint\",\"urlTemplate\":\"https:\/\/www.speleotribec.sk\/?s={search_term_string}\"},\"query-input\":{\"@type\":\"PropertyValueSpecification\",\"valueRequired\":true,\"valueName\":\"search_term_string\"}}],\"inLanguage\":\"sk-SK\"}]}<\/script>\n<!-- \/ Yoast SEO plugin. -->","yoast_head_json":{"title":"Arch\u00edv - Speleo Klub Tribe\u010d","description":"Tribe\u010d, jasky\u0148a, podzemie, speleo, Cibajky, Partiz\u00e1nske, Zlat\u00e9 Moravce, Nitra, Topo\u013e\u010dany %","robots":{"index":"index","follow":"follow","max-snippet":"max-snippet:-1","max-image-preview":"max-image-preview:large","max-video-preview":"max-video-preview:-1"},"canonical":"https:\/\/www.speleotribec.sk\/?page_id=13","og_locale":"sk_SK","og_type":"article","og_title":"Arch\u00edv - Speleo Klub Tribe\u010d","og_description":"Tribe\u010d, jasky\u0148a, podzemie, speleo, Cibajky, Partiz\u00e1nske, Zlat\u00e9 Moravce, Nitra, Topo\u013e\u010dany %","og_url":"https:\/\/www.speleotribec.sk\/?page_id=13","og_site_name":"Speleo Klub Tribe\u010d","article_modified_time":"2026-02-03T15:10:26+00:00","twitter_card":"summary_large_image","twitter_misc":{"Predpokladan\u00fd \u010das \u010d\u00edtania":"1 min\u00fata"},"schema":{"@context":"https:\/\/schema.org","@graph":[{"@type":"WebPage","@id":"https:\/\/www.speleotribec.sk\/?page_id=13","url":"https:\/\/www.speleotribec.sk\/?page_id=13","name":"Arch\u00edv - Speleo Klub Tribe\u010d","isPartOf":{"@id":"https:\/\/www.speleotribec.sk\/#website"},"datePublished":"2023-03-19T13:22:55+00:00","dateModified":"2026-02-03T15:10:26+00:00","description":"Tribe\u010d, jasky\u0148a, podzemie, speleo, Cibajky, Partiz\u00e1nske, Zlat\u00e9 Moravce, Nitra, Topo\u013e\u010dany %","breadcrumb":{"@id":"https:\/\/www.speleotribec.sk\/?page_id=13#breadcrumb"},"inLanguage":"sk-SK","potentialAction":[{"@type":"ReadAction","target":["https:\/\/www.speleotribec.sk\/?page_id=13"]}]},{"@type":"BreadcrumbList","@id":"https:\/\/www.speleotribec.sk\/?page_id=13#breadcrumb","itemListElement":[{"@type":"ListItem","position":1,"name":"Home","item":"https:\/\/www.speleotribec.sk\/"},{"@type":"ListItem","position":2,"name":"Arch\u00edv"}]},{"@type":"WebSite","@id":"https:\/\/www.speleotribec.sk\/#website","url":"https:\/\/www.speleotribec.sk\/","name":"Speleo Klub Tribe\u010d","description":"","potentialAction":[{"@type":"SearchAction","target":{"@type":"EntryPoint","urlTemplate":"https:\/\/www.speleotribec.sk\/?s={search_term_string}"},"query-input":{"@type":"PropertyValueSpecification","valueRequired":true,"valueName":"search_term_string"}}],"inLanguage":"sk-SK"}]}},"_links":{"self":[{"href":"https:\/\/www.speleotribec.sk\/index.php?rest_route=\/wp\/v2\/pages\/13"}],"collection":[{"href":"https:\/\/www.speleotribec.sk\/index.php?rest_route=\/wp\/v2\/pages"}],"about":[{"href":"https:\/\/www.speleotribec.sk\/index.php?rest_route=\/wp\/v2\/types\/page"}],"author":[{"embeddable":true,"href":"https:\/\/www.speleotribec.sk\/index.php?rest_route=\/wp\/v2\/users\/1"}],"replies":[{"embeddable":true,"href":"https:\/\/www.speleotribec.sk\/index.php?rest_route=%2Fwp%2Fv2%2Fcomments&post=13"}],"version-history":[{"count":6,"href":"https:\/\/www.speleotribec.sk\/index.php?rest_route=\/wp\/v2\/pages\/13\/revisions"}],"predecessor-version":[{"id":484,"href":"https:\/\/www.speleotribec.sk\/index.php?rest_route=\/wp\/v2\/pages\/13\/revisions\/484"}],"wp:attachment":[{"href":"https:\/\/www.speleotribec.sk\/index.php?rest_route=%2Fwp%2Fv2%2Fmedia&parent=13"}],"curies":[{"name":"wp","href":"https:\/\/api.w.org\/{rel}","templated":true}]}}